{"id":128,"date":"2009-12-18T16:45:56","date_gmt":"2009-12-18T14:45:56","guid":{"rendered":"http:\/\/www.spd-loffenau.de\/?page_id=128"},"modified":"2024-08-10T15:15:57","modified_gmt":"2024-08-10T13:15:57","slug":"fraktion-spd-aktive-loffenauer-burger","status":"publish","type":"page","link":"http:\/\/www.spd-loffenau.de\/?page_id=128","title":{"rendered":"Fraktion SPD &#038; Aktive Loffenauer B\u00fcrger"},"content":{"rendered":"<p><img data-attachment-id=\"1635\" data-permalink=\"http:\/\/www.spd-loffenau.de\/?attachment_id=1635\" data-orig-file=\"http:\/\/www.spd-loffenau.de\/wp-content\/uploads\/Fraktion-SPD-und-ALB-Reik-Ebner-Schro\u0308ter-und-Mu\u0308hlha\u0308user-scaled.jpg\" data-orig-size=\"2313,2560\" data-comments-opened=\"1\" data-image-meta=\"{&quot;aperture&quot;:&quot;3.7&quot;,&quot;credit&quot;:&quot;&quot;,&quot;camera&quot;:&quot;DMC-FZ1000&quot;,&quot;caption&quot;:&quot;&quot;,&quot;created_timestamp&quot;:&quot;1721163748&quot;,&quot;copyright&quot;:&quot;&quot;,&quot;focal_length&quot;:&quot;26.28&quot;,&quot;iso&quot;:&quot;160&quot;,&quot;shutter_speed&quot;:&quot;0.0125&quot;,&quot;title&quot;:&quot;&quot;,&quot;orientation&quot;:&quot;1&quot;}\" data-image-title=\"Fraktion SPD und ALB Reik, Ebner, Schro\u0308ter und Mu\u0308hlha\u0308user\" data-image-description=\"\" data-image-caption=\"\" data-medium-file=\"http:\/\/www.spd-loffenau.de\/wp-content\/uploads\/Fraktion-SPD-und-ALB-Reik-Ebner-Schro\u0308ter-und-Mu\u0308hlha\u0308user-271x300.jpg\" data-large-file=\"http:\/\/www.spd-loffenau.de\/wp-content\/uploads\/Fraktion-SPD-und-ALB-Reik-Ebner-Schro\u0308ter-und-Mu\u0308hlha\u0308user-925x1024.jpg\" loading=\"lazy\" class=\"wp-image-1635 aligncenter\" src=\"http:\/\/www.spd-loffenau.de\/wp-content\/uploads\/Fraktion-SPD-und-ALB-Reik-Ebner-Schro\u0308ter-und-Mu\u0308hlha\u0308user-271x300.jpg\" alt=\"\" width=\"520\" height=\"576\" srcset=\"http:\/\/www.spd-loffenau.de\/wp-content\/uploads\/Fraktion-SPD-und-ALB-Reik-Ebner-Schro\u0308ter-und-Mu\u0308hlha\u0308user-271x300.jpg 271w, http:\/\/www.spd-loffenau.de\/wp-content\/uploads\/Fraktion-SPD-und-ALB-Reik-Ebner-Schro\u0308ter-und-Mu\u0308hlha\u0308user-925x1024.jpg 925w, http:\/\/www.spd-loffenau.de\/wp-content\/uploads\/Fraktion-SPD-und-ALB-Reik-Ebner-Schro\u0308ter-und-Mu\u0308hlha\u0308user-768x850.jpg 768w, http:\/\/www.spd-loffenau.de\/wp-content\/uploads\/Fraktion-SPD-und-ALB-Reik-Ebner-Schro\u0308ter-und-Mu\u0308hlha\u0308user-1388x1536.jpg 1388w, http:\/\/www.spd-loffenau.de\/wp-content\/uploads\/Fraktion-SPD-und-ALB-Reik-Ebner-Schro\u0308ter-und-Mu\u0308hlha\u0308user-1850x2048.jpg 1850w\" sizes=\"(max-width: 520px) 100vw, 520px\" \/><\/p>\n<p>Die Gemeinder\u00e4te der Fraktion SPD &amp; Aktive Loffenauer B\u00fcrger<br \/>\nv. l. Wolfgang Reik, Dennis Ebner, Andrea Schr\u00f6ter, Tobias M\u00fchlh\u00e4user<\/p>\n<div class=\"ce-bodytext\">\n<p>&nbsp;<\/p>\n<p><strong>Fraktionssprecher: Wolfgang Reik<\/strong><\/p>\n<p><strong>Wolfgang Reik<\/strong><br \/>\nM\u00fchlweg 10<br \/>\n<span class=\"phonenumber_wrap icon_content_wrap\"><a class=\"\" title=\"Die Telefonnummer 07083 524069 anrufen\" href=\"tel:+497083524069\"><i class=\"far icon_content fa-phone\" title=\"Telefonnummer\" aria-hidden=\"true\"><\/i><span class=\"reader_icon\">Telefonnummer:<\/span><span class=\"phonenumber\">07083 524069<\/span><\/a><\/span><\/p>\n<p><strong>Tobias M\u00fchlh\u00e4user<\/strong><br \/>\nLautenbacherstra\u00dfe 26<br \/>\n<span class=\"phonenumber_wrap icon_content_wrap\"><a class=\"\" title=\"Die Telefonnummer 0175 4932111 anrufen\" href=\"tel:+491754932111\"><i class=\"far icon_content fa-phone\" title=\"Telefonnummer\" aria-hidden=\"true\"><\/i><span class=\"reader_icon\">Telefonnummer:<\/span><span class=\"phonenumber\">0175 4932111<\/span><\/a><\/span><\/p>\n<p><strong>Andrea Schr\u00f6ter<\/strong><br \/>\nBergstra\u00dfe 12<br \/>\n<span class=\"phonenumber_wrap icon_content_wrap\"><a class=\"\" title=\"Die Telefonnummer 07083 5879 anrufen\" href=\"tel:+4970835879\"><i class=\"far icon_content fa-phone\" title=\"Telefonnummer\" aria-hidden=\"true\"><\/i><span class=\"reader_icon\">Telefonnummer:<\/span><span class=\"phonenumber\">07083 5879<\/span><\/a><\/span><\/p>\n<p><strong>Dennis Ebner<br \/>\n<\/strong>Untere Dorfstr. 23<\/p>\n<\/div>\n<p>&nbsp;<\/p>\n","protected":false},"excerpt":{"rendered":"<p>Die Gemeinder\u00e4te der Fraktion SPD &amp; Aktive Loffenauer B\u00fcrger v. l. Wolfgang Reik, Dennis Ebner, Andrea Schr\u00f6ter, Tobias M\u00fchlh\u00e4user &nbsp; Fraktionssprecher: Wolfgang Reik Wolfgang Reik M\u00fchlweg 10 Telefonnummer:07083 524069 Tobias M\u00fchlh\u00e4user Lautenbacherstra\u00dfe 26 Telefonnummer:0175 4932111 Andrea Schr\u00f6ter Bergstra\u00dfe 12 Telefonnummer:07083 5879 Dennis Ebner Untere Dorfstr. 23 &nbsp;<\/p>\n","protected":false},"author":1,"featured_media":0,"parent":0,"menu_order":0,"comment_status":"open","ping_status":"open","template":"","meta":{"spay_email":""},"jetpack_sharing_enabled":true,"jetpack_shortlink":"https:\/\/wp.me\/P74UnC-24","_links":{"self":[{"href":"http:\/\/www.spd-loffenau.de\/index.php?rest_route=\/wp\/v2\/pages\/128"}],"collection":[{"href":"http:\/\/www.spd-loffenau.de\/index.php?rest_route=\/wp\/v2\/pages"}],"about":[{"href":"http:\/\/www.spd-loffenau.de\/index.php?rest_route=\/wp\/v2\/types\/page"}],"author":[{"embeddable":true,"href":"http:\/\/www.spd-loffenau.de\/index.php?rest_route=\/wp\/v2\/users\/1"}],"replies":[{"embeddable":true,"href":"http:\/\/www.spd-loffenau.de\/index.php?rest_route=%2Fwp%2Fv2%2Fcomments&post=128"}],"version-history":[{"count":21,"href":"http:\/\/www.spd-loffenau.de\/index.php?rest_route=\/wp\/v2\/pages\/128\/revisions"}],"predecessor-version":[{"id":1638,"href":"http:\/\/www.spd-loffenau.de\/index.php?rest_route=\/wp\/v2\/pages\/128\/revisions\/1638"}],"wp:attachment":[{"href":"http:\/\/www.spd-loffenau.de\/index.php?rest_route=%2Fwp%2Fv2%2Fmedia&parent=128"}],"curies":[{"name":"wp","href":"https:\/\/api.w.org\/{rel}","templated":true}]}}