{"id":1141,"date":"2024-04-13T10:07:43","date_gmt":"2024-04-13T08:07:43","guid":{"rendered":"http:\/\/www.spd-loffenau.de\/?page_id=1141"},"modified":"2024-05-11T08:25:45","modified_gmt":"2024-05-11T06:25:45","slug":"unser-wahlprogramm-2","status":"publish","type":"page","link":"http:\/\/www.spd-loffenau.de\/?page_id=1141","title":{"rendered":"! Unser Wahlprogramm"},"content":{"rendered":"<div class=\"page\" title=\"Page 1\">\n<div class=\"section\">\n<div class=\"layoutArea\">\n<div class=\"column\">\n<p><img data-attachment-id=\"1600\" data-permalink=\"http:\/\/www.spd-loffenau.de\/?attachment_id=1600\" data-orig-file=\"http:\/\/www.spd-loffenau.de\/wp-content\/uploads\/Gruppenbild_1_zugeschnitten.png\" data-orig-size=\"1000,644\" data-comments-opened=\"1\" data-image-meta=\"{&quot;aperture&quot;:&quot;0&quot;,&quot;credit&quot;:&quot;&quot;,&quot;camera&quot;:&quot;&quot;,&quot;caption&quot;:&quot;&quot;,&quot;created_timestamp&quot;:&quot;0&quot;,&quot;copyright&quot;:&quot;&quot;,&quot;focal_length&quot;:&quot;0&quot;,&quot;iso&quot;:&quot;0&quot;,&quot;shutter_speed&quot;:&quot;0&quot;,&quot;title&quot;:&quot;&quot;,&quot;orientation&quot;:&quot;0&quot;}\" data-image-title=\"Gruppenbild_1_zugeschnitten\" data-image-description=\"\" data-image-caption=\"\" data-medium-file=\"http:\/\/www.spd-loffenau.de\/wp-content\/uploads\/Gruppenbild_1_zugeschnitten-300x193.png\" data-large-file=\"http:\/\/www.spd-loffenau.de\/wp-content\/uploads\/Gruppenbild_1_zugeschnitten.png\" loading=\"lazy\" class=\"wp-image-1600 aligncenter\" src=\"http:\/\/www.spd-loffenau.de\/wp-content\/uploads\/Gruppenbild_1_zugeschnitten-300x193.png\" alt=\"\" width=\"520\" height=\"335\" srcset=\"http:\/\/www.spd-loffenau.de\/wp-content\/uploads\/Gruppenbild_1_zugeschnitten-300x193.png 300w, http:\/\/www.spd-loffenau.de\/wp-content\/uploads\/Gruppenbild_1_zugeschnitten-768x495.png 768w, http:\/\/www.spd-loffenau.de\/wp-content\/uploads\/Gruppenbild_1_zugeschnitten.png 1000w\" sizes=\"(max-width: 520px) 100vw, 520px\" \/><\/p>\n<p>&nbsp;<\/p>\n<p>Die <strong>Gemeindehalle Loffenau <\/strong>ist ein vielseitiger Veranstaltungsort, der eine breite Palette an R\u00e4umlichkeiten f\u00fcr verschiedene Anl\u00e4sse bietet. Wir setzen uns daf\u00fcr ein, die Gastronomie im \u201eHaus des Gastes\u201c langfristig wiederzubeleben.<\/p>\n<p><img data-attachment-id=\"1595\" data-permalink=\"http:\/\/www.spd-loffenau.de\/?attachment_id=1595\" data-orig-file=\"http:\/\/www.spd-loffenau.de\/wp-content\/uploads\/Gemeindehalle.jpg\" data-orig-size=\"1360,907\" data-comments-opened=\"1\" data-image-meta=\"{&quot;aperture&quot;:&quot;0&quot;,&quot;credit&quot;:&quot;&quot;,&quot;camera&quot;:&quot;&quot;,&quot;caption&quot;:&quot;&quot;,&quot;created_timestamp&quot;:&quot;0&quot;,&quot;copyright&quot;:&quot;&quot;,&quot;focal_length&quot;:&quot;0&quot;,&quot;iso&quot;:&quot;0&quot;,&quot;shutter_speed&quot;:&quot;0&quot;,&quot;title&quot;:&quot;&quot;,&quot;orientation&quot;:&quot;0&quot;}\" data-image-title=\"Gemeindehalle\" data-image-description=\"\" data-image-caption=\"\" data-medium-file=\"http:\/\/www.spd-loffenau.de\/wp-content\/uploads\/Gemeindehalle-300x200.jpg\" data-large-file=\"http:\/\/www.spd-loffenau.de\/wp-content\/uploads\/Gemeindehalle-1024x683.jpg\" loading=\"lazy\" class=\"aligncenter wp-image-1595\" src=\"http:\/\/www.spd-loffenau.de\/wp-content\/uploads\/Gemeindehalle-300x200.jpg\" alt=\"\" width=\"520\" height=\"347\" srcset=\"http:\/\/www.spd-loffenau.de\/wp-content\/uploads\/Gemeindehalle-300x200.jpg 300w, http:\/\/www.spd-loffenau.de\/wp-content\/uploads\/Gemeindehalle-1024x683.jpg 1024w, http:\/\/www.spd-loffenau.de\/wp-content\/uploads\/Gemeindehalle-768x512.jpg 768w, http:\/\/www.spd-loffenau.de\/wp-content\/uploads\/Gemeindehalle.jpg 1360w\" sizes=\"(max-width: 520px) 100vw, 520px\" \/><\/p>\n<p>&nbsp;<\/p>\n<p>Dies erfordert eine aktive P\u00e4chtersuche und bauliche Modernisierungsma\u00dfnahmen.<\/p>\n<p>In Loffenau gibt es eine breites Angebot von Betreuungseinrichtungen f\u00fcr <strong>Kinder<\/strong>, darunter Kinderg\u00e4rten, eine Krippe, eine Kindertagesbetreuung, eine Grundschule und einen Sch\u00fclerhort. Die Gemeinde strebt an, die Anmeldung zu diesen Einrichtungen zu digitalisieren, um eine effizientere Betreuungskoordination, Vermeidung von Doppelbelegungen und bessere Zusammenarbeit mit den Eltern zu erm\u00f6glichen. Das muss schnell umgesetzt werden, weil das auch die Bedarfsplanung sehr erleichtert.<\/p>\n<p><img data-attachment-id=\"1599\" data-permalink=\"http:\/\/www.spd-loffenau.de\/?attachment_id=1599\" data-orig-file=\"http:\/\/www.spd-loffenau.de\/wp-content\/uploads\/IMG_4742.jpg\" data-orig-size=\"1000,667\" data-comments-opened=\"1\" data-image-meta=\"{&quot;aperture&quot;:&quot;5&quot;,&quot;credit&quot;:&quot;&quot;,&quot;camera&quot;:&quot;Canon EOS 600D&quot;,&quot;caption&quot;:&quot;&quot;,&quot;created_timestamp&quot;:&quot;1713628616&quot;,&quot;copyright&quot;:&quot;&quot;,&quot;focal_length&quot;:&quot;28&quot;,&quot;iso&quot;:&quot;100&quot;,&quot;shutter_speed&quot;:&quot;0.016666666666667&quot;,&quot;title&quot;:&quot;&quot;,&quot;orientation&quot;:&quot;1&quot;}\" data-image-title=\"IMG_4742\" data-image-description=\"\" data-image-caption=\"\" data-medium-file=\"http:\/\/www.spd-loffenau.de\/wp-content\/uploads\/IMG_4742-300x200.jpg\" data-large-file=\"http:\/\/www.spd-loffenau.de\/wp-content\/uploads\/IMG_4742.jpg\" loading=\"lazy\" class=\"aligncenter wp-image-1599\" src=\"http:\/\/www.spd-loffenau.de\/wp-content\/uploads\/IMG_4742-300x200.jpg\" alt=\"\" width=\"520\" height=\"347\" srcset=\"http:\/\/www.spd-loffenau.de\/wp-content\/uploads\/IMG_4742-300x200.jpg 300w, http:\/\/www.spd-loffenau.de\/wp-content\/uploads\/IMG_4742-768x512.jpg 768w, http:\/\/www.spd-loffenau.de\/wp-content\/uploads\/IMG_4742.jpg 1000w\" sizes=\"(max-width: 520px) 100vw, 520px\" \/><\/p>\n<p>Loffenau soll auch f\u00fcr <strong>Jugendliche <\/strong>ein attraktiver Ort sein. Wir haben uns ma\u00dfgeblich am Aufbau des Bau-Containers beteiligt und engagieren uns weiterhin daf\u00fcr, dass Angebote, die zeitgem\u00e4\u00df sind und auf die Bed\u00fcrfnisse der Jugendlichen zugeschnitten, im Ort vorhanden sind. Dies ist nur durch einen engen Dialog mit den Jugendvertretern m\u00f6glich, die auch bereit sind, Verantwortung zu \u00fcbernehmen. Unsere T\u00fcren stehen daf\u00fcr immer offen.<\/p>\n<p>&nbsp;<\/p>\n<p>Eine funktionierende Gastronomie mit Biergarten am Kurpark ist ein Gewinn f\u00fcr unser Dorf und macht Loffenau f\u00fcr Wanderer und Touristen noch attraktiver. Die Vermietung an Loffenauer B\u00fcrgerinnen und B\u00fcrger, Vereine und f\u00fcr private Veranstaltungen muss besser beworben werden.<\/p>\n<\/div>\n<p>&nbsp;<\/p>\n<div class=\"column\">\n<p>Lokale <strong>Nahversorgung <\/strong>ist entscheidend f\u00fcr eine Dorfgemeinschaft. Unterst\u00fctzung des \u00f6rtlichen Einzelhandels durch Eink\u00e4ufe st\u00e4rkt die lokale Wirtschaft und verhindert Ladenschlie\u00dfungen. Entscheidungen f\u00fcr &#8222;Schn\u00e4ppchen&#8220; in Discountern k\u00f6nnen langfristig negative Auswirkungen haben. Es lohnt sich, in die eigene Gemeinschaft zu investieren.<\/p>\n<p>&nbsp;<\/p>\n<p><strong>Barrierefreiheit <\/strong>ist entscheidend, besonders f\u00fcr diejenigen, die in Loffenau mit Kinderwagen, Rollstuhl oder Rollator unterwegs sind. An vielen Stellen gibt es kleine und gro\u00dfe Hindernisse. Es ist unser Ziel, eine Bestandsaufnahme durchzuf\u00fchren, die diese Problemstellen erfasst und Ma\u00dfnahmen zu ihrer Beseitigung einleitet. Es ist wichtig, dass unsere Wege f\u00fcr jeden sicher und ohne Hindernisse begehbar sind.<\/p>\n<p><img data-attachment-id=\"1598\" data-permalink=\"http:\/\/www.spd-loffenau.de\/?attachment_id=1598\" data-orig-file=\"http:\/\/www.spd-loffenau.de\/wp-content\/uploads\/IMG-20240429-WA0001.jpg\" data-orig-size=\"1600,935\" data-comments-opened=\"1\" data-image-meta=\"{&quot;aperture&quot;:&quot;0&quot;,&quot;credit&quot;:&quot;&quot;,&quot;camera&quot;:&quot;&quot;,&quot;caption&quot;:&quot;&quot;,&quot;created_timestamp&quot;:&quot;0&quot;,&quot;copyright&quot;:&quot;&quot;,&quot;focal_length&quot;:&quot;0&quot;,&quot;iso&quot;:&quot;0&quot;,&quot;shutter_speed&quot;:&quot;0&quot;,&quot;title&quot;:&quot;&quot;,&quot;orientation&quot;:&quot;0&quot;}\" data-image-title=\"IMG-20240429-WA0001\" data-image-description=\"\" data-image-caption=\"\" data-medium-file=\"http:\/\/www.spd-loffenau.de\/wp-content\/uploads\/IMG-20240429-WA0001-300x175.jpg\" data-large-file=\"http:\/\/www.spd-loffenau.de\/wp-content\/uploads\/IMG-20240429-WA0001-1024x598.jpg\" loading=\"lazy\" class=\"aligncenter wp-image-1598\" src=\"http:\/\/www.spd-loffenau.de\/wp-content\/uploads\/IMG-20240429-WA0001-300x175.jpg\" alt=\"\" width=\"520\" height=\"304\" srcset=\"http:\/\/www.spd-loffenau.de\/wp-content\/uploads\/IMG-20240429-WA0001-300x175.jpg 300w, http:\/\/www.spd-loffenau.de\/wp-content\/uploads\/IMG-20240429-WA0001-1024x598.jpg 1024w, http:\/\/www.spd-loffenau.de\/wp-content\/uploads\/IMG-20240429-WA0001-768x449.jpg 768w, http:\/\/www.spd-loffenau.de\/wp-content\/uploads\/IMG-20240429-WA0001-1536x898.jpg 1536w, http:\/\/www.spd-loffenau.de\/wp-content\/uploads\/IMG-20240429-WA0001.jpg 1600w\" sizes=\"(max-width: 520px) 100vw, 520px\" \/><\/p>\n<p>Unsere Gemeinde Loffenau ist von atemberaubender Naturumgeben. <strong>Tagesausfl\u00fcgler und Touristen <\/strong>genie\u00dfen unsere Landschaft bei einem Spaziergang auf den herrlichen Wanderwegen, vor allem dem \u201ePremiumwanderweg\u201c. Wir wollen die Chance nutzen und durch die Schaffung eines Waldlehrpfades entlang dieses Weges die \u201e\u00f6kologische Waldnutzung\u201c transparent darzustellen. Dies wird durch staatliche Zusch\u00fcsse auch finanziell gef\u00f6rdert. Unterst\u00fctzt durch ein professionelles zeitgem\u00e4\u00dfes Marketing des gesamten Wanderwegnetzes kann sich Loffenau nicht nur als Ausflugsziel, sondern auch als attraktive Wohn-Gemeinde profilieren und erfolgversprechend beworben werden.<\/p>\n<p>Es ist an der Zeit, dass Loffenau digital fortschrittlicher wird. Unsere Gemeindeverwaltung soll den B\u00fcrgern durch <strong>digitale Dienste <\/strong>entgegenkommen. Oftmals mangelt es an Zeit, um pers\u00f6nlich auf dem Rathaus wichtige Amtsgesch\u00e4fte zu t\u00e4tigen.<\/p>\n<p>Deshalb setzen wir uns daf\u00fcr ein, dass der B\u00fcrgerservice, wo immer es machbar ist, Online-Dienstleistungen anbietet. Dies betrifft beispielsweise die An- und Ummeldung im Passund Meldewesen, die Beantragung von Ausweisdokumenten und die \u00dcbermittlung von Wasserz\u00e4hlerst\u00e4nden.<\/p>\n<\/div>\n<p><img data-attachment-id=\"1596\" data-permalink=\"http:\/\/www.spd-loffenau.de\/?attachment_id=1596\" data-orig-file=\"http:\/\/www.spd-loffenau.de\/wp-content\/uploads\/IMG-20240405-WA0001.jpg\" data-orig-size=\"2040,1530\" data-comments-opened=\"1\" data-image-meta=\"{&quot;aperture&quot;:&quot;0&quot;,&quot;credit&quot;:&quot;&quot;,&quot;camera&quot;:&quot;&quot;,&quot;caption&quot;:&quot;&quot;,&quot;created_timestamp&quot;:&quot;0&quot;,&quot;copyright&quot;:&quot;&quot;,&quot;focal_length&quot;:&quot;0&quot;,&quot;iso&quot;:&quot;0&quot;,&quot;shutter_speed&quot;:&quot;0&quot;,&quot;title&quot;:&quot;&quot;,&quot;orientation&quot;:&quot;0&quot;}\" data-image-title=\"IMG-20240405-WA0001\" data-image-description=\"\" data-image-caption=\"\" data-medium-file=\"http:\/\/www.spd-loffenau.de\/wp-content\/uploads\/IMG-20240405-WA0001-300x225.jpg\" data-large-file=\"http:\/\/www.spd-loffenau.de\/wp-content\/uploads\/IMG-20240405-WA0001-1024x768.jpg\" loading=\"lazy\" class=\"aligncenter wp-image-1596\" src=\"http:\/\/www.spd-loffenau.de\/wp-content\/uploads\/IMG-20240405-WA0001-300x225.jpg\" alt=\"\" width=\"520\" height=\"390\" srcset=\"http:\/\/www.spd-loffenau.de\/wp-content\/uploads\/IMG-20240405-WA0001-300x225.jpg 300w, http:\/\/www.spd-loffenau.de\/wp-content\/uploads\/IMG-20240405-WA0001-1024x768.jpg 1024w, http:\/\/www.spd-loffenau.de\/wp-content\/uploads\/IMG-20240405-WA0001-768x576.jpg 768w, http:\/\/www.spd-loffenau.de\/wp-content\/uploads\/IMG-20240405-WA0001-1536x1152.jpg 1536w, http:\/\/www.spd-loffenau.de\/wp-content\/uploads\/IMG-20240405-WA0001.jpg 2040w\" sizes=\"(max-width: 520px) 100vw, 520px\" \/><\/p>\n<div class=\"column\">\n<p>Unsere <strong>Vereine <\/strong>bilden das Herzst\u00fcck unserer Dorfgemeinschaft. Die Arbeit der zahlreichen Ehrenamtlichen ist ein unersetzlicher Beitrag f\u00fcr unser Zusammenleben. Sie verdienen unseren tiefsten Respekt und unsere Unterst\u00fctzung. Aus diesem Grund genie\u00dft die F\u00f6rderung der Vereine bei uns stets eine hohe Priorit\u00e4t.<\/p>\n<\/div>\n<p><img data-attachment-id=\"1594\" data-permalink=\"http:\/\/www.spd-loffenau.de\/?attachment_id=1594\" data-orig-file=\"http:\/\/www.spd-loffenau.de\/wp-content\/uploads\/Deer.jpg\" data-orig-size=\"1600,1200\" data-comments-opened=\"1\" data-image-meta=\"{&quot;aperture&quot;:&quot;0&quot;,&quot;credit&quot;:&quot;&quot;,&quot;camera&quot;:&quot;&quot;,&quot;caption&quot;:&quot;&quot;,&quot;created_timestamp&quot;:&quot;0&quot;,&quot;copyright&quot;:&quot;&quot;,&quot;focal_length&quot;:&quot;0&quot;,&quot;iso&quot;:&quot;0&quot;,&quot;shutter_speed&quot;:&quot;0&quot;,&quot;title&quot;:&quot;&quot;,&quot;orientation&quot;:&quot;0&quot;}\" data-image-title=\"Deer\" data-image-description=\"\" data-image-caption=\"\" data-medium-file=\"http:\/\/www.spd-loffenau.de\/wp-content\/uploads\/Deer-300x225.jpg\" data-large-file=\"http:\/\/www.spd-loffenau.de\/wp-content\/uploads\/Deer-1024x768.jpg\" loading=\"lazy\" class=\"wp-image-1594 aligncenter\" src=\"http:\/\/www.spd-loffenau.de\/wp-content\/uploads\/Deer-300x225.jpg\" alt=\"\" width=\"520\" height=\"390\" srcset=\"http:\/\/www.spd-loffenau.de\/wp-content\/uploads\/Deer-300x225.jpg 300w, http:\/\/www.spd-loffenau.de\/wp-content\/uploads\/Deer-1024x768.jpg 1024w, http:\/\/www.spd-loffenau.de\/wp-content\/uploads\/Deer-768x576.jpg 768w, http:\/\/www.spd-loffenau.de\/wp-content\/uploads\/Deer-1536x1152.jpg 1536w, http:\/\/www.spd-loffenau.de\/wp-content\/uploads\/Deer.jpg 1600w\" sizes=\"(max-width: 520px) 100vw, 520px\" \/><\/p>\n<div class=\"column\">\n<p>In Loffenau gestaltet sich die Nutzung des <strong>\u00f6ffentlichen Nahverkehrs <\/strong>oft schwierig, da lange Wege zur n\u00e4chsten Bushaltestelle zur\u00fcckgelegt werden m\u00fcssen. Besonders f\u00fcr \u00e4ltere Menschen ist dies aufgrund der topografischen Gegebenheiten eine Herausforderung. Es wird angeregt, dass die Verwaltung Gespr\u00e4che mit den Betreibern des \u00d6PNV aufnimmt, um \u00fcber die Einrichtung einer zus\u00e4tzlichen Haltestelle, beispielsweise in der N\u00e4he der Katholischen Kirche, zu verhandeln.<\/p>\n<p>Zudem w\u00e4re eine verbesserte Anbindung durch das Anrufsammeltaxi von Vorteil. Ferner sollte die Verwaltung ihr Versprechen einhalten und ein dauerhaftes Konzept f\u00fcr den ruhenden Verkehr entwickeln.<\/p>\n<p><img data-attachment-id=\"1597\" data-permalink=\"http:\/\/www.spd-loffenau.de\/?attachment_id=1597\" data-orig-file=\"http:\/\/www.spd-loffenau.de\/wp-content\/uploads\/Solar.jpg\" data-orig-size=\"1600,1200\" data-comments-opened=\"1\" data-image-meta=\"{&quot;aperture&quot;:&quot;0&quot;,&quot;credit&quot;:&quot;&quot;,&quot;camera&quot;:&quot;&quot;,&quot;caption&quot;:&quot;&quot;,&quot;created_timestamp&quot;:&quot;0&quot;,&quot;copyright&quot;:&quot;&quot;,&quot;focal_length&quot;:&quot;0&quot;,&quot;iso&quot;:&quot;0&quot;,&quot;shutter_speed&quot;:&quot;0&quot;,&quot;title&quot;:&quot;&quot;,&quot;orientation&quot;:&quot;0&quot;}\" data-image-title=\"Solar\" data-image-description=\"\" data-image-caption=\"\" data-medium-file=\"http:\/\/www.spd-loffenau.de\/wp-content\/uploads\/Solar-300x225.jpg\" data-large-file=\"http:\/\/www.spd-loffenau.de\/wp-content\/uploads\/Solar-1024x768.jpg\" loading=\"lazy\" class=\"aligncenter wp-image-1597\" src=\"http:\/\/www.spd-loffenau.de\/wp-content\/uploads\/Solar-300x225.jpg\" alt=\"\" width=\"520\" height=\"390\" srcset=\"http:\/\/www.spd-loffenau.de\/wp-content\/uploads\/Solar-300x225.jpg 300w, http:\/\/www.spd-loffenau.de\/wp-content\/uploads\/Solar-1024x768.jpg 1024w, http:\/\/www.spd-loffenau.de\/wp-content\/uploads\/Solar-768x576.jpg 768w, http:\/\/www.spd-loffenau.de\/wp-content\/uploads\/Solar-1536x1152.jpg 1536w, http:\/\/www.spd-loffenau.de\/wp-content\/uploads\/Solar.jpg 1600w\" sizes=\"(max-width: 520px) 100vw, 520px\" \/><\/p>\n<p>Die Regionalisierung ist entscheidend f\u00fcr den Erfolg der <strong>Energiewende<\/strong>. Jede Gemeinde kann ihren Beitrag zum nachhaltigen Klimaschutz leisten. Der geplante Bau einer Windkraftanlage im Loffenauer Wald ist f\u00fcr die Versorgungssicherheit ein wichtiger Schritt. Mit dem potenziellen Betreiber muss ein Genossenschaftsmodell verbindlich verabredet werden, das den Loffenauer B\u00fcrgerinnen und B\u00fcrgern die Chance bietet, sich finanziell an dem Projekt zu beteiligen. Bei der Photovoltaik haben wir mit unserer Initiative die M\u00f6glichkeit geschaffen, dass private kleine Balkon-PV-Anlagen eine finanzielle F\u00f6rderung durch die Gemeinde erhalten.<\/p>\n<\/div>\n<\/div>\n<\/div>\n<\/div>\n","protected":false},"excerpt":{"rendered":"<p>&nbsp; Die Gemeindehalle Loffenau ist ein vielseitiger Veranstaltungsort, der eine breite Palette an R\u00e4umlichkeiten f\u00fcr verschiedene Anl\u00e4sse bietet. Wir setzen uns daf\u00fcr ein, die Gastronomie im \u201eHaus des Gastes\u201c langfristig wiederzubeleben. &nbsp; Dies erfordert eine aktive P\u00e4chtersuche und bauliche Modernisierungsma\u00dfnahmen. In Loffenau gibt es eine breites Angebot von Betreuungseinrichtungen f\u00fcr Kinder, darunter Kinderg\u00e4rten, eine Krippe, [&hellip;]<\/p>\n","protected":false},"author":1,"featured_media":0,"parent":0,"menu_order":0,"comment_status":"closed","ping_status":"closed","template":"","meta":{"spay_email":""},"jetpack_sharing_enabled":true,"jetpack_shortlink":"https:\/\/wp.me\/P74UnC-ip","_links":{"self":[{"href":"http:\/\/www.spd-loffenau.de\/index.php?rest_route=\/wp\/v2\/pages\/1141"}],"collection":[{"href":"http:\/\/www.spd-loffenau.de\/index.php?rest_route=\/wp\/v2\/pages"}],"about":[{"href":"http:\/\/www.spd-loffenau.de\/index.php?rest_route=\/wp\/v2\/types\/page"}],"author":[{"embeddable":true,"href":"http:\/\/www.spd-loffenau.de\/index.php?rest_route=\/wp\/v2\/users\/1"}],"replies":[{"embeddable":true,"href":"http:\/\/www.spd-loffenau.de\/index.php?rest_route=%2Fwp%2Fv2%2Fcomments&post=1141"}],"version-history":[{"count":7,"href":"http:\/\/www.spd-loffenau.de\/index.php?rest_route=\/wp\/v2\/pages\/1141\/revisions"}],"predecessor-version":[{"id":1602,"href":"http:\/\/www.spd-loffenau.de\/index.php?rest_route=\/wp\/v2\/pages\/1141\/revisions\/1602"}],"wp:attachment":[{"href":"http:\/\/www.spd-loffenau.de\/index.php?rest_route=%2Fwp%2Fv2%2Fmedia&parent=1141"}],"curies":[{"name":"wp","href":"https:\/\/api.w.org\/{rel}","templated":true}]}}